{"id":382,"date":"2018-04-21T23:16:25","date_gmt":"2018-04-21T21:16:25","guid":{"rendered":"http:\/\/mircea.tatuc.ro\/wp\/?page_id=382"},"modified":"2018-04-29T15:34:16","modified_gmt":"2018-04-29T13:34:16","slug":"termeni-si-conditii","status":"publish","type":"page","link":"https:\/\/mircea.tatuc.ro\/wp\/?page_id=382","title":{"rendered":"Termeni \u0219i condi\u021bii"},"content":{"rendered":"<p>Va multumim ca vizitati site-ul &#8220;Sub Lupa Mea&#8221;. Daca continuati sa navigati si sa utilizati acest site, sunteti de acord sa va insusiti si sa respectati urmatorii termeni si conditii de utilizare, care \u00eempreun\u0103 cu politica de confidentialitate si politica privind cookie-urile guverneaza relatia dintre &#8220;Sub Lupa Mea&#8221; si dvs. \u00een leg\u0103tur\u0103 cu acest site web. Daca nu sunteti de acord cu nici o parte a acestor termeni si conditii, va rugam sa nu utilizati acest site.<br \/>\nTermenii &#8220;Sub Lupa Mea&#8221;, sau &#8220;eu&#8221; se refer\u0103 la proprietarul site-ului (Mircea T\u0103tuc). Termenul &#8220;dvs.&#8221; sau &#8220;dumneavoastra&#8221; se refera la privitorul site-ului.<\/p>\n<p>Sunteti de acord ca nu veti folosi site-ul web in scopuri ilegale si ca veti respecta toate legile si reglementarile aplicabile.<\/p>\n<p>Sunteti de acord sa nu utiliza\u021bi site-ul intr-un mod care ar putea afecta performan\u021ba, ar duce la deteriorarea sau manipularea continutului sau a informatiilor disponibile pe site sau reducerea func\u021bionalit\u0103\u021bii globale a site-ului Web.<\/p>\n<p>Sunteti de acord sa nu compromiteti securitatea site-ului sau sa \u00eencercati sa obtine\u021bi acces la zone securizate sau sa incercati sa accesati orice informa\u021bii sensibile despre care credeti ca ar exista pe site-ul web sau pe serverul pe care este g\u0103zduit.<\/p>\n<p>Utilizarea oricaror informa\u021bii sau materiale de pe acest site este \u00een totalitate pe propriul dvs. risc, pentru care nu vom fi responsabili. Este responsabilitatea dvs. sa va asigurati ca toate produsele, serviciile sau informatiile disponibile prin intermediul acestui site \u00eendeplinesc cerin\u021bele dvs. specifice.<br \/>\nReproducerea, distribuirea \u00een orice metod\u0103, online sau offline, este strict interzis\u0103. Materialele de pe site, imaginile, logo-urile, textul si alte astfel de informa\u021bii sunt proprietatea \u201dSub Lupa Mea\u201d (daca nu se specific\u0103 altfel) sau a proprietarilor care au acordat dreptul de folosire. Toate marcile comerciale reproduse pe acest site, care nu sunt proprietatea sau nu sunt licentiate operatorului, sunt recunoscute pe site.<\/p>\n<p><strong>\u200bDECLINAREA RESPONSABILIT\u0102\u021aII<\/strong><\/p>\n<p>Desi m\u0103 str\u0103duiesc s\u0103 fiu c\u00eet se poate de exact \u00een informa\u021biile prezentate pe site \u0219i s\u0103 \u00eencerc s\u0103-l p\u0103strez actualizat la zi, exist\u0103 posibilitatea, \u00een unele cazuri, ca unele dintre informa\u021biile pe care le g\u0103si\u021bi pe site-ul web sa fie usor depasite. \u00cemi rezerv dreptul de a modifica sau corecta informa\u021bia pe care o g\u0103si\u021bi pe site in orice moment f\u0103r\u0103 notificare prealabil\u0103.<\/p>\n<p><strong>CONTACT<\/strong><\/p>\n<p>\u00cen cazul \u00een care ave\u021bi nevoie de informa\u021bii suplimentare sau ave\u021bi \u00eentreb\u0103ri legate de termenii \u0219i condi\u021biile acestui site, v\u0103 rog sa \u00eemi scrie\u021bi.<\/p>\n<p>\u00cemi rezerv dreptul de a face modific\u0103ri ale acestui document f\u0103r\u0103 notific\u0103ri prealabile.<\/p>\n<p>Ultima actualizare: 22-04-2018<\/p>\n","protected":false},"excerpt":{"rendered":"<p>Va multumim ca vizitati site-ul &#8220;Sub Lupa Mea&#8221;. Daca continuati sa navigati si sa utilizati acest site, sunteti de acord sa va insusiti si sa respectati urmatorii termeni si conditii de utilizare, care \u00eempreun\u0103 cu politica de confidentialitate si politica privind cookie-urile guverneaza relatia dintre &#8220;Sub Lupa Mea&#8221; si dvs. \u00een leg\u0103tur\u0103 cu acest site [&hellip;]<\/p>\n","protected":false},"author":1,"featured_media":0,"parent":0,"menu_order":0,"comment_status":"closed","ping_status":"closed","template":"","meta":{"footnotes":""},"class_list":["post-382","page","type-page","status-publish","hentry","no-thumb"],"_links":{"self":[{"href":"https:\/\/mircea.tatuc.ro\/wp\/index.php?rest_route=\/wp\/v2\/pages\/382","targetHints":{"allow":["GET"]}}],"collection":[{"href":"https:\/\/mircea.tatuc.ro\/wp\/index.php?rest_route=\/wp\/v2\/pages"}],"about":[{"href":"https:\/\/mircea.tatuc.ro\/wp\/index.php?rest_route=\/wp\/v2\/types\/page"}],"author":[{"embeddable":true,"href":"https:\/\/mircea.tatuc.ro\/wp\/index.php?rest_route=\/wp\/v2\/users\/1"}],"replies":[{"embeddable":true,"href":"https:\/\/mircea.tatuc.ro\/wp\/index.php?rest_route=%2Fwp%2Fv2%2Fcomments&post=382"}],"version-history":[{"count":0,"href":"https:\/\/mircea.tatuc.ro\/wp\/index.php?rest_route=\/wp\/v2\/pages\/382\/revisions"}],"wp:attachment":[{"href":"https:\/\/mircea.tatuc.ro\/wp\/index.php?rest_route=%2Fwp%2Fv2%2Fmedia&parent=382"}],"curies":[{"name":"wp","href":"https:\/\/api.w.org\/{rel}","templated":true}]}}