{"id":2,"date":"2011-05-05T19:31:12","date_gmt":"2011-05-05T19:31:12","guid":{"rendered":"http:\/\/mircea.tatuc.ro\/wp\/?page_id=2"},"modified":"2019-09-12T19:39:12","modified_gmt":"2019-09-12T17:39:12","slug":"about","status":"publish","type":"page","link":"https:\/\/mircea.tatuc.ro\/wp\/?page_id=2","title":{"rendered":"Despre"},"content":{"rendered":"<h2>Despre acest Blog<\/h2>\n<p style=\"text-align: justify;\">Acest blog este unul personal f\u0103r\u0103 nici o leg\u0103tur\u0103 cu vreo organiza\u0163ie sau grupare \u015fi trateaz\u0103 ceea ce eu consider c\u0103 este important! Nu oblig pe nimeni s\u0103-l citeasc\u0103, nu \u00eel promovez agresiv \u015fi raportat la cele de mai sus pretind o anumit\u0103 decen\u0163\u0103 \u00een g\u00eendirea celor ce comenteaz\u0103. Cu c\u00eet mai pu\u0163ini \u015fi de calitate cu at\u00eet mai bine!<\/p>\n<p style=\"text-align: justify;\">Con\u0163ine articole pe care le-am considerat interesante insotite de pareri personale. Sau&#8230;articole personale inso\u021bite de p\u0103rerile voastre.<\/p>\n<p style=\"text-align: justify;\">Pentru mine reprezint\u0103 un jurnal de c\u0103l\u0103torie prin via\u0163\u0103 \u015fi<strong><em> notez \u00een el c\u00eend am timp \u015fi chef<\/em><\/strong>.<\/p>\n<p style=\"text-align: justify;\">Numele oficial : \u00a0<strong>SUB LUPA MEA<\/strong><\/p>\n<h2>Despre mine<\/h2>\n<p>S\u00eent un om care tr\u0103ie\u0219te \u00een Rom\u00e2nia, care este \u00eendr\u0103gostit de Rom\u00e2nia \u0219i care \u00eembr\u0103\u021bi\u0219eaz\u0103 arta \u0219i aplica\u021biile ei. Am diverse preocup\u0103ri \u0219i mi-a\u0219 fi dorit ca ziua s\u0103 fie mai lung\u0103. 24 de ore s\u00eent pu\u021bine&#8230; Obi\u0219nuiesc s\u0103 scriu cu \u00ee din i pentru c\u0103 explica\u021bia domnului Pruteanu mi s-a p\u0103rut de bun sim\u021b. Chestiunea a fost mai apoi explicat\u0103 \u0219i de Vice, a\u0219a c\u0103 dac\u0103 intereseaz\u0103 pe cineva, <a href=\"https:\/\/www.vice.com\/ro\/article\/qvpk5p\/de-ce-scriu-cu-i-din-i-desi-toti-profesorii-din-romania-imi-spun-ca-e-gresit\" target=\"_blank\" rel=\"noopener noreferrer\">s\u0103 citeasc\u0103<\/a>. \u00cemi place s\u0103 particip la fenomenul muzicii live, s\u0103 fotografiez, s\u0103 filmez, s\u0103 citesc (de\u0219i o fac rar \u00een ultimul timp), am curiozit\u0103\u021bi multiple. Am investit foarte mult \u00een pasiunile mele pentru pasiunile mele dar \u00eentotdeauna prea mult a fost pu\u021bin pentru c\u0103 nu am c\u00ee\u0219tigat niciodat\u0103 la loto. \ud83d\ude42<\/p>\n<p>Obi\u0219nuiesc s\u0103 \u00eemi \u00eentre\u021bin <a href=\"http:\/\/www.wishlistr.com\/diegis\" target=\"_blank\" rel=\"noopener noreferrer\">lista de dorin\u021be<\/a>, nu pentru a primi cadouri ci pentru a nu uita niciodat\u0103 ce \u00eemi doresc \u00een func\u021bie de pasiunile pe care le am.<\/p>\n","protected":false},"excerpt":{"rendered":"<p>Despre acest Blog Acest blog este unul personal f\u0103r\u0103 nici o leg\u0103tur\u0103 cu vreo organiza\u0163ie sau grupare \u015fi trateaz\u0103 ceea ce eu consider c\u0103 este important! Nu oblig pe nimeni s\u0103-l citeasc\u0103, nu \u00eel promovez agresiv \u015fi raportat la cele de mai sus pretind o anumit\u0103 decen\u0163\u0103 \u00een g\u00eendirea celor ce comenteaz\u0103. Cu c\u00eet mai [&hellip;]<\/p>\n","protected":false},"author":1,"featured_media":0,"parent":0,"menu_order":0,"comment_status":"closed","ping_status":"closed","template":"","meta":{"footnotes":""},"class_list":["post-2","page","type-page","status-publish","hentry","no-thumb"],"_links":{"self":[{"href":"https:\/\/mircea.tatuc.ro\/wp\/index.php?rest_route=\/wp\/v2\/pages\/2","targetHints":{"allow":["GET"]}}],"collection":[{"href":"https:\/\/mircea.tatuc.ro\/wp\/index.php?rest_route=\/wp\/v2\/pages"}],"about":[{"href":"https:\/\/mircea.tatuc.ro\/wp\/index.php?rest_route=\/wp\/v2\/types\/page"}],"author":[{"embeddable":true,"href":"https:\/\/mircea.tatuc.ro\/wp\/index.php?rest_route=\/wp\/v2\/users\/1"}],"replies":[{"embeddable":true,"href":"https:\/\/mircea.tatuc.ro\/wp\/index.php?rest_route=%2Fwp%2Fv2%2Fcomments&post=2"}],"version-history":[{"count":0,"href":"https:\/\/mircea.tatuc.ro\/wp\/index.php?rest_route=\/wp\/v2\/pages\/2\/revisions"}],"wp:attachment":[{"href":"https:\/\/mircea.tatuc.ro\/wp\/index.php?rest_route=%2Fwp%2Fv2%2Fmedia&parent=2"}],"curies":[{"name":"wp","href":"https:\/\/api.w.org\/{rel}","templated":true}]}}