{"id":143,"date":"2014-01-28T01:16:47","date_gmt":"2014-01-27T23:16:47","guid":{"rendered":"http:\/\/mircea.tatuc.ro\/wp\/?page_id=143"},"modified":"2024-04-17T00:09:14","modified_gmt":"2024-04-16T22:09:14","slug":"video","status":"publish","type":"page","link":"https:\/\/mircea.tatuc.ro\/wp\/?page_id=143","title":{"rendered":"Documentare"},"content":{"rendered":"<p><a href=\"http:\/\/mircea.tatuc.ro\/wp\/?p=159\">Apa, un organism viu<\/a> [subtitrat \u00een limba rom\u00e2n\u0103]<\/p>\n<p><a href=\"https:\/\/mircea.tatuc.ro\/wp\/?p=819\">Cassette: A Documentary Mixtape<\/a> &#8211; un documentar despre caseta audio [\u00een limba englez\u0103]\u00a0<\/p>\n<p><a href=\"http:\/\/mircea.tatuc.ro\/wp\/?p=555\">C\u0103lin Georgescu<\/a> &#8211; despre dezvoltarea durabil\u0103 (interviu din 2017)<\/p>\n<p><a href=\"http:\/\/mircea.tatuc.ro\/wp\/?p=476\">Despre rezolu\u021bii TV \/ monitoare<\/a>\u00a0[\u00een limba englez\u0103]<\/p>\n<p><a href=\"http:\/\/mircea.tatuc.ro\/wp\/?p=305\" target=\"_blank\" rel=\"noopener noreferrer\">Dorel Vi\u0219an, despre daci<\/a><\/p>\n<p><a title=\"Imperiul universal al con\u0219tiin\u021bei \u0219i taina lui UNU\" href=\"http:\/\/mircea.tatuc.ro\/wp\/?p=151\">Imperiul universal al con\u0219tiin\u021bei \u0219i taina lui UNU<\/a> [Codul lui Oreste]<\/p>\n<p><a title=\"Mihai Viteazul \u0219i DACIA \u2013 Lucruri pe care ar trebui s\u0103 le \u0219ti\u021bi!\" href=\"http:\/\/mircea.tatuc.ro\/wp\/?p=168\">Mihai Viteazul \u0219i DACIA<\/a> \u2013 Lucruri pe care ar trebui s\u0103 le \u0219ti\u021bi! [emisiune TV]<\/p>\n<p><a href=\"http:\/\/mircea.tatuc.ro\/wp\/?p=565\">Niascharian &#8211; S\u0103 rena\u0219tem<\/a> \/\u00a0Primul documentar al trilogiei &#8216;&#8221;Niascharian&#8221;<\/p>\n<p><a href=\"http:\/\/mircea.tatuc.ro\/wp\/?p=162\">The mirror exercise<\/a>\u00a0[documentar \u00een limba englez\u0103]<\/p>\n<p><a title=\"The Shadow Effect\" href=\"http:\/\/mircea.tatuc.ro\/wp\/?p=144\">The Shadow Effect\u00a0<\/a>[subtitrat \u00een rom\u00e2n\u0103]<\/p>\n<p><a href=\"http:\/\/mircea.tatuc.ro\/wp\/?p=717\" target=\"_blank\" rel=\"noopener noreferrer\">Zalmoxis<\/a> &#8211; film documentar [\u00een rom\u00e2n\u0103]<\/p>\n\n\n<p><\/p>\n","protected":false},"excerpt":{"rendered":"<p>Apa, un organism viu [subtitrat \u00een limba rom\u00e2n\u0103] Cassette: A Documentary Mixtape &#8211; un documentar despre caseta audio [\u00een limba englez\u0103]\u00a0 C\u0103lin Georgescu &#8211; despre dezvoltarea durabil\u0103 (interviu din 2017) Despre rezolu\u021bii TV \/ monitoare\u00a0[\u00een limba englez\u0103] Dorel Vi\u0219an, despre daci Imperiul universal al con\u0219tiin\u021bei \u0219i taina lui UNU [Codul lui Oreste] Mihai Viteazul \u0219i [&hellip;]<\/p>\n","protected":false},"author":1,"featured_media":0,"parent":0,"menu_order":0,"comment_status":"open","ping_status":"closed","template":"","meta":{"footnotes":""},"class_list":["post-143","page","type-page","status-publish","hentry","no-thumb"],"_links":{"self":[{"href":"https:\/\/mircea.tatuc.ro\/wp\/index.php?rest_route=\/wp\/v2\/pages\/143","targetHints":{"allow":["GET"]}}],"collection":[{"href":"https:\/\/mircea.tatuc.ro\/wp\/index.php?rest_route=\/wp\/v2\/pages"}],"about":[{"href":"https:\/\/mircea.tatuc.ro\/wp\/index.php?rest_route=\/wp\/v2\/types\/page"}],"author":[{"embeddable":true,"href":"https:\/\/mircea.tatuc.ro\/wp\/index.php?rest_route=\/wp\/v2\/users\/1"}],"replies":[{"embeddable":true,"href":"https:\/\/mircea.tatuc.ro\/wp\/index.php?rest_route=%2Fwp%2Fv2%2Fcomments&post=143"}],"version-history":[{"count":0,"href":"https:\/\/mircea.tatuc.ro\/wp\/index.php?rest_route=\/wp\/v2\/pages\/143\/revisions"}],"wp:attachment":[{"href":"https:\/\/mircea.tatuc.ro\/wp\/index.php?rest_route=%2Fwp%2Fv2%2Fmedia&parent=143"}],"curies":[{"name":"wp","href":"https:\/\/api.w.org\/{rel}","templated":true}]}}